{"id":10077,"date":"2025-07-15T15:57:33","date_gmt":"2025-07-15T15:57:33","guid":{"rendered":"https:\/\/www.tjkserecon.com\/?page_id=10077"},"modified":"2025-08-26T15:42:35","modified_gmt":"2025-08-26T15:42:35","slug":"jaulas-y-pilotes-ocasion","status":"publish","type":"page","link":"https:\/\/www.tjkserecon.com\/it\/jaulas-y-pilotes-ocasion\/","title":{"rendered":"Jaulas y Pilotes Ocasi\u00f3n"},"content":{"rendered":"<div data-elementor-type=\"wp-page\" data-elementor-id=\"10077\" class=\"elementor elementor-10077\" data-elementor-post-type=\"page\">\n\t\t\t\t<div class=\"elementor-element elementor-element-f573b0f e-flex e-con-boxed e-con e-parent\" data-id=\"f573b0f\" data-element_type=\"container\" data-settings=\"{&quot;background_background&quot;:&quot;classic&quot;}\">\n\t\t\t\t\t<div class=\"e-con-inner\">\n\t\t\t\t<div class=\"elementor-element elementor-element-ec309fb elementor-widget elementor-widget-spacer\" data-id=\"ec309fb\" data-element_type=\"widget\" data-widget_type=\"spacer.default\">\n\t\t\t\t\t\t\t<div class=\"elementor-spacer\">\n\t\t\t<div class=\"elementor-spacer-inner\"><\/div>\n\t\t<\/div>\n\t\t\t\t\t\t<\/div>\n\t\t\t\t<div class=\"elementor-element elementor-element-a664bb7 elementor-widget elementor-widget-heading\" data-id=\"a664bb7\" data-element_type=\"widget\" data-widget_type=\"heading.default\">\n\t\t\t\t\t<h2 class=\"elementor-heading-title elementor-size-default\">JAULAS Y PILOTES<\/h2>\t\t\t\t<\/div>\n\t\t\t\t\t<\/div>\n\t\t\t\t<\/div>\n\t\t<div class=\"elementor-element elementor-element-de81138 e-flex e-con-boxed e-con e-parent\" data-id=\"de81138\" data-element_type=\"container\">\n\t\t\t\t\t<div class=\"e-con-inner\">\n\t\t\t\t<div class=\"elementor-element elementor-element-a3b7ed8 elementor-widget__width-initial elementor-widget-laptop__width-initial elementor-widget-mobile__width-initial elementor-widget elementor-widget-heading\" data-id=\"a3b7ed8\" data-element_type=\"widget\" data-widget_type=\"heading.default\">\n\t\t\t\t\t<h2 class=\"elementor-heading-title elementor-size-default\">M\u00e1quinas seleccionadas, probadas y reacondicionadas listas para producir desde el d\u00eda uno.<\/h2>\t\t\t\t<\/div>\n\t\t\t\t<div class=\"elementor-element elementor-element-b37d799 elementor-widget elementor-widget-apus_element_cardealer_listings_tabs\" data-id=\"b37d799\" data-element_type=\"widget\" data-settings=\"{&quot;columns&quot;:&quot;3&quot;}\" data-widget_type=\"apus_element_cardealer_listings_tabs.default\">\n\t\t\t\t<div class=\"elementor-widget-container\">\n\t\t\t\t\t        <div class=\"widget-listings-tabs grid\">\n            \n            <ul role=\"tablist\" class=\"nav nav-tabs tabs-listing\">\n                                    <li>\n                        <a href=\"#tab-7Qfig-0\" data-bs-toggle=\"tab\" class=\"active\">\n                                                    <\/a>\n                    <\/li>\n                            <\/ul>\n\n            <div class=\"tab-content\">\n                                    <div id=\"tab-7Qfig-0\" class=\"tab-pane active\">\n                                                                                                                    <div class=\"row\">\n                                                                            <div class=\"col-xl-4 col-md-6 col-12\">\n                                            \n\n<article class=\"map-item listing-grid v3 listing-item d-flex flex-column w-100 post-9775 listing type-listing status-publish has-post-thumbnail hentry listing_condition-ocasion listing_category-armaduras-y-jaulas listing_type-barra-ocasion\" data-latitude=\"\" data-longitude=\"\" data-img=\"https:\/\/tjkserecon.s3.eu-central-1.amazonaws.com\/wp-content\/uploads\/2025\/07\/26153558\/ensambladora-schnell-idea-12-660x440.jpg\" data-images=\"[&quot;https:\\\/\\\/tjkserecon.s3.eu-central-1.amazonaws.com\\\/wp-content\\\/uploads\\\/2025\\\/07\\\/26153558\\\/ensambladora-schnell-idea-12-660x440.jpg&quot;,&quot;https:\\\/\\\/tjkserecon.s3.eu-central-1.amazonaws.com\\\/wp-content\\\/uploads\\\/2025\\\/07\\\/26153540\\\/ENSAMBLADORA-IDEA-12-25-2-660x440.jpg&quot;,&quot;https:\\\/\\\/tjkserecon.s3.eu-central-1.amazonaws.com\\\/wp-content\\\/uploads\\\/2025\\\/07\\\/26153540\\\/ENSAMBLADORA-IDEA-12-25-3-660x440.jpg&quot;,&quot;https:\\\/\\\/tjkserecon.s3.eu-central-1.amazonaws.com\\\/wp-content\\\/uploads\\\/2025\\\/07\\\/26153540\\\/ENSAMBLADORA-IDEA-12-25-4-660x440.jpg&quot;,&quot;https:\\\/\\\/tjkserecon.s3.eu-central-1.amazonaws.com\\\/wp-content\\\/uploads\\\/2025\\\/07\\\/26153539\\\/ENSAMBLADORA-IDEA-12-25-5-660x440.jpg&quot;,&quot;https:\\\/\\\/tjkserecon.s3.eu-central-1.amazonaws.com\\\/wp-content\\\/uploads\\\/2025\\\/07\\\/26153539\\\/ENSAMBLADORA-IDEA-12-25-6-660x440.jpg&quot;]\">\n\n    <div class=\"listing-thumbnail-wrapper position-relative flex-shrink-0\">\n        \t    <div class=\"image-thumbnail\">\r\n\t        <a class=\"listing-image\" href=\"https:\/\/www.tjkserecon.com\/it\/listing\/ensambladora-idea-12-25\/\">\r\n\t        \t<div class=\"image-wrapper\"><img fetchpriority=\"high\" decoding=\"async\" width=\"660\" height=\"440\" src=\"https:\/\/tjkserecon.s3.eu-central-1.amazonaws.com\/wp-content\/uploads\/2025\/07\/26153558\/ensambladora-schnell-idea-12-660x440.jpg\" class=\"attachment-boxcar-listing-grid size-boxcar-listing-grid\" alt=\"\" srcset=\"https:\/\/tjkserecon.s3.eu-central-1.amazonaws.com\/wp-content\/uploads\/2025\/07\/26153558\/ensambladora-schnell-idea-12-660x440.jpg 660w, https:\/\/tjkserecon.s3.eu-central-1.amazonaws.com\/wp-content\/uploads\/2025\/07\/26153558\/ensambladora-schnell-idea-12-16x12.jpg 16w\" sizes=\"(max-width: 660px) 100vw, 660px\" \/><\/div>\t        <\/a>\r\n\t    <\/div>\r\n\t            \n        <div class=\"top-label d-flex align-items-center w-100\">\n            <div class=\"inner\">\n                            <\/div>\n            <div class=\"ms-auto\">\n                            <\/div>\n        <\/div>\n    <\/div>\n    <div class=\"inner-content flex-grow-1 d-flex flex-column\">\n                <h2 class=\"listing-title\"><a href=\"https:\/\/www.tjkserecon.com\/it\/listing\/ensambladora-idea-12-25\/\" rel=\"bookmark\">ENSAMBLADORA IDEA 12-25<\/a><\/h2>        <div class=\"listing-meta with-icon tagline\">\r\n\r\n\t\t\t\t\r\n\t\t\t\r\n\t\t\t\r\n\t\t\t<span class=\"value-suffix\">\r\n\t\t\t\t\t\t\t\t\t\t\t<\/span>\r\n\r\n\t\t<\/div>        <div class=\"mt-auto\">\n            \n            <div class=\"bottom-info d-flex align-items-end\">\n                                <a href=\"https:\/\/www.tjkserecon.com\/it\/listing\/ensambladora-idea-12-25\/\" class=\"btn-readmore ms-auto\">View Details<svg xmlns=\"http:\/\/www.w3.org\/2000\/svg\" class=\"next\" width=\"14\" height=\"14\" viewbox=\"0 0 14 14\" fill=\"none\">\n                    <path d=\"M13.6109 0H5.05533C4.84037 0 4.66643 0.173943 4.66643 0.388901C4.66643 0.603859 4.84037 0.777802 5.05533 0.777802H12.6721L0.113697 13.3362C-0.0382246 13.4881 -0.0382246 13.7342 0.113697 13.8861C0.18964 13.962 0.289171 14 0.388666 14C0.488161 14 0.587656 13.962 0.663635 13.8861L13.222 1.3277V8.94447C13.222 9.15943 13.3959 9.33337 13.6109 9.33337C13.8259 9.33337 13.9998 9.15943 13.9998 8.94447V0.388901C13.9998 0.173943 13.8258 0 13.6109 0Z\" fill=\"currentColor\"\/>\n                    <\/svg><\/a>\n            <\/div>\n        <\/div>\n    <\/div>\n<\/article><!-- #post-## -->\n\n                                        <\/div>\n                                                                    <\/div>\n                                                                                                    <\/div>\n                            <\/div>\n        <\/div>\n        \t\t\t\t<\/div>\n\t\t\t\t<\/div>\n\t\t<div class=\"elementor-element elementor-element-95845b0 e-con-full elementor-hidden-widescreen elementor-hidden-desktop elementor-hidden-laptop elementor-hidden-tablet_extra e-flex e-con e-child\" data-id=\"95845b0\" data-element_type=\"container\" data-settings=\"{&quot;background_background&quot;:&quot;classic&quot;}\">\n\t\t<div class=\"elementor-element elementor-element-b75f372 e-con-full e-grid e-con e-child\" data-id=\"b75f372\" data-element_type=\"container\">\n\t\t\t\t<div class=\"elementor-element elementor-element-0fbac05 elementor-widget elementor-widget-image\" data-id=\"0fbac05\" data-element_type=\"widget\" data-widget_type=\"image.default\">\n\t\t\t\t\t\t\t\t\t\t\t\t\t\t\t<img decoding=\"async\" width=\"660\" height=\"108\" src=\"https:\/\/tjkserecon.s3.eu-central-1.amazonaws.com\/wp-content\/uploads\/2023\/10\/26153845\/LOGO-TJK-SERECON-BLAN-CO-1024x167.png\" class=\"attachment-large size-large wp-image-6800\" alt=\"\" srcset=\"https:\/\/tjkserecon.s3.eu-central-1.amazonaws.com\/wp-content\/uploads\/2023\/10\/26153845\/LOGO-TJK-SERECON-BLAN-CO-1024x167.png 1024w, https:\/\/tjkserecon.s3.eu-central-1.amazonaws.com\/wp-content\/uploads\/2023\/10\/26153845\/LOGO-TJK-SERECON-BLAN-CO-600x98.png 600w, https:\/\/tjkserecon.s3.eu-central-1.amazonaws.com\/wp-content\/uploads\/2023\/10\/26153845\/LOGO-TJK-SERECON-BLAN-CO-300x49.png 300w, https:\/\/tjkserecon.s3.eu-central-1.amazonaws.com\/wp-content\/uploads\/2023\/10\/26153845\/LOGO-TJK-SERECON-BLAN-CO-768x125.png 768w, https:\/\/tjkserecon.s3.eu-central-1.amazonaws.com\/wp-content\/uploads\/2023\/10\/26153845\/LOGO-TJK-SERECON-BLAN-CO.png 1339w\" sizes=\"(max-width: 660px) 100vw, 660px\" \/>\t\t\t\t\t\t\t\t\t\t\t\t\t\t\t<\/div>\n\t\t\t\t<div class=\"elementor-element elementor-element-c0798af elementor-hidden-widescreen elementor-hidden-desktop elementor-hidden-laptop elementor-hidden-tablet_extra elementor-widget elementor-widget-apus_element_nav_bar\" data-id=\"c0798af\" data-element_type=\"widget\" data-widget_type=\"apus_element_nav_bar.default\">\n\t\t\t\t<div class=\"elementor-widget-container\">\n\t\t\t\t\t            <div class=\"vertical-wrapper\">\n                <span class=\"show-navbar-sidebar d-inline-flex align-items-center\">\n                    <i class=\"vertical-icon pre\"><\/i>\n                                            <span class=\"text\">Menu<\/span>\n                                    <\/span>\n                <div class=\"vertical-menu-container-wrapper navbar-offcanvas\">\n                    <div class=\"d-flex align-items-center top-info\">\n                        <h3 class=\"title\">Main Menu<\/h3>\n                        <div class=\"ms-auto\">\n                            <a class=\"close-action\" data-toggle=\"offcanvas\">\n                                <i class=\"ti-close\"><\/i>\n                            <\/a>\n                        <\/div>\n                    <\/div>\n                                    <\/div>\n                <div class=\"over-dark\"><\/div>\n            <\/div>\n            \t\t\t\t<\/div>\n\t\t\t\t<\/div>\n\t\t\t\t<\/div>\n\t\t\t\t<\/div>\n\t\t\t\t\t<\/div>\n\t\t\t\t<\/div>\n\t\t\t\t<\/div>","protected":false},"excerpt":{"rendered":"<p>JAULAS Y PILOTES M\u00e1quinas seleccionadas, probadas y reacondicionadas listas para producir desde el d\u00eda uno. ENSAMBLADORA IDEA 12-25 View Details Menu Main Menu INICIO PRODUCTOS TJK SERECON Estribadoras Autom\u00e1ticas ESTRIBADORA WG12 ESTRIBADORA WG16 ESTRIBADORA WG 3D 16 Corte y Doblado WG 12 F1 WG 16 F2 Enderezado GT3 GT5 GT8 Corte a Medida SHEAR LINE [&hellip;]<\/p>","protected":false},"author":2,"featured_media":0,"parent":0,"menu_order":0,"comment_status":"closed","ping_status":"closed","template":"page-listings.php","meta":{"footnotes":""},"class_list":["post-10077","page","type-page","status-publish","hentry"],"_links":{"self":[{"href":"https:\/\/www.tjkserecon.com\/it\/wp-json\/wp\/v2\/pages\/10077","targetHints":{"allow":["GET"]}}],"collection":[{"href":"https:\/\/www.tjkserecon.com\/it\/wp-json\/wp\/v2\/pages"}],"about":[{"href":"https:\/\/www.tjkserecon.com\/it\/wp-json\/wp\/v2\/types\/page"}],"author":[{"embeddable":true,"href":"https:\/\/www.tjkserecon.com\/it\/wp-json\/wp\/v2\/users\/2"}],"replies":[{"embeddable":true,"href":"https:\/\/www.tjkserecon.com\/it\/wp-json\/wp\/v2\/comments?post=10077"}],"version-history":[{"count":0,"href":"https:\/\/www.tjkserecon.com\/it\/wp-json\/wp\/v2\/pages\/10077\/revisions"}],"wp:attachment":[{"href":"https:\/\/www.tjkserecon.com\/it\/wp-json\/wp\/v2\/media?parent=10077"}],"curies":[{"name":"wp","href":"https:\/\/api.w.org\/{rel}","templated":true}]}}