{"id":42,"date":"2023-09-19T04:38:59","date_gmt":"2023-09-19T04:38:59","guid":{"rendered":"https:\/\/demoapus1.com\/boxcar\/?page_id=42"},"modified":"2025-08-04T16:17:37","modified_gmt":"2025-08-04T16:17:37","slug":"servicio-posventa","status":"publish","type":"page","link":"https:\/\/www.tjkserecon.com\/it\/servicio-posventa\/","title":{"rendered":"Servicio POSTVENTA"},"content":{"rendered":"<div data-elementor-type=\"wp-page\" data-elementor-id=\"42\" class=\"elementor elementor-42\" data-elementor-post-type=\"page\">\n\t\t\t\t<div class=\"elementor-element elementor-element-50a2cc4 e-flex e-con-boxed e-con e-parent\" data-id=\"50a2cc4\" data-element_type=\"container\" data-settings=\"{&quot;background_background&quot;:&quot;classic&quot;}\">\n\t\t\t\t\t<div class=\"e-con-inner\">\n\t\t\t\t<div class=\"elementor-element elementor-element-e26d872 elementor-widget__width-initial elementor-widget-mobile__width-initial elementor-widget elementor-widget-heading\" data-id=\"e26d872\" data-element_type=\"widget\" data-widget_type=\"heading.default\">\n\t\t\t\t\t<h2 class=\"elementor-heading-title elementor-size-default\">SERVICIO POSVENTA<\/h2>\t\t\t\t<\/div>\n\t\t\t\t\t<\/div>\n\t\t\t\t<\/div>\n\t\t<div class=\"elementor-element elementor-element-bf9ba11 e-flex e-con-boxed e-con e-parent\" data-id=\"bf9ba11\" data-element_type=\"container\" data-settings=\"{&quot;background_background&quot;:&quot;classic&quot;}\">\n\t\t\t\t\t<div class=\"e-con-inner\">\n\t\t<div class=\"elementor-element elementor-element-28e2571 e-con-full e-flex elementor-invisible e-con e-child\" data-id=\"28e2571\" data-element_type=\"container\" data-settings=\"{&quot;animation&quot;:&quot;slide-up&quot;}\">\n\t\t\t\t<div class=\"elementor-element elementor-element-92da779 elementor-widget elementor-widget-heading\" data-id=\"92da779\" data-element_type=\"widget\" data-widget_type=\"heading.default\">\n\t\t\t\t\t<h2 class=\"elementor-heading-title elementor-size-default\">En Grupo Serecon somos el  servicio t\u00e9cnico oficial y proveedor de repuestos originales TJK para Espa\u00f1a y otros pa\u00edses de Europa.<\/h2>\t\t\t\t<\/div>\n\t\t\t\t<div class=\"elementor-element elementor-element-1632a9e elementor-widget elementor-widget-text-editor\" data-id=\"1632a9e\" data-element_type=\"widget\" data-widget_type=\"text-editor.default\">\n\t\t\t\t\t\t\t\t\t<p>Desde nuestra sede central en Zaragoza y delegaciones estrat\u00e9gicas en Andaluc\u00eda, Galicia, Catalu\u00f1a y Levante, ofrecemos una cobertura t\u00e9cnica integral que garantiza la m\u00e1xima eficiencia y disponibilidad de sus equipos TJK. Nuestro compromiso se extiende tambi\u00e9n a Italia y Portugal.<\/p>\t\t\t\t\t\t\t\t<\/div>\n\t\t\t\t<div class=\"elementor-element elementor-element-ce3200f elementor-widget elementor-widget-apus_element_features_box\" data-id=\"ce3200f\" data-element_type=\"widget\" data-settings=\"{&quot;columns&quot;:&quot;4&quot;}\" data-widget_type=\"apus_element_features_box.default\">\n\t\t\t\t<div class=\"elementor-widget-container\">\n\t\t\t\t\t            <div class=\"widget-features-box\">\n                  \n                    <div class=\"row\">\n                                                    <div class=\"item col-xl-3 col-md-6 col-12\">\n                                <div class=\"item-features-inner l-grid style1\">\n                                     <div class=\"top-inner\">\n                                                                                <div class=\"features-box-image img\"><img decoding=\"async\" width=\"96\" height=\"96\" src=\"https:\/\/tjkserecon.s3.eu-central-1.amazonaws.com\/wp-content\/uploads\/2025\/07\/26153528\/formacion.svg\" class=\"attachment-full size-full wp-image-10445\" alt=\"\" \/><\/div><\/div><div class=\"features-box-content\"><h3 class=\"title\">Call Center<\/h3><div class=\"description\">Atenci\u00f3n telef\u00f3nica personalizada para resolver consultas t\u00e9cnicas y coordinar intervenciones con rapidez. <br>\n+34 976108015\n\n<\/div><\/div>\n                                <\/div>\n                            <\/div>\n                                                    <div class=\"item col-xl-3 col-md-6 col-12\">\n                                <div class=\"item-features-inner l-grid style1\">\n                                     <div class=\"top-inner\">\n                                                                                <div class=\"features-box-image img\"><img decoding=\"async\" width=\"96\" height=\"96\" src=\"https:\/\/tjkserecon.s3.eu-central-1.amazonaws.com\/wp-content\/uploads\/2025\/07\/26153528\/asistencia.svg\" class=\"attachment-full size-full wp-image-10447\" alt=\"\" \/><\/div><\/div><div class=\"features-box-content\"><h3 class=\"title\">Teleasistencia<\/h3><div class=\"description\">Diagn\u00f3stico remoto en tiempo real, actualizaci\u00f3n de software y tele-mantenimiento para resolver incidencias de forma \u00e1gil y segura.\n\n<\/div><\/div>\n                                <\/div>\n                            <\/div>\n                                                    <div class=\"item col-xl-3 col-md-6 col-12\">\n                                <div class=\"item-features-inner l-grid style1\">\n                                     <div class=\"top-inner\">\n                                                                                <div class=\"features-box-image img\"><img decoding=\"async\" width=\"96\" height=\"96\" src=\"https:\/\/tjkserecon.s3.eu-central-1.amazonaws.com\/wp-content\/uploads\/2025\/07\/26153528\/formacion.svg\" class=\"attachment-full size-full wp-image-10445\" alt=\"\" \/><\/div><\/div><div class=\"features-box-content\"><h3 class=\"title\">Formaci\u00f3n t\u00e9cnica<\/h3><div class=\"description\">Nuestro equipo t\u00e9cnico se encarga de la instalaci\u00f3n, puesta en marcha y formaci\u00f3n del personal.\n\n<\/div><\/div>\n                                <\/div>\n                            <\/div>\n                                                    <div class=\"item col-xl-3 col-md-6 col-12\">\n                                <div class=\"item-features-inner l-grid style1\">\n                                     <div class=\"top-inner\">\n                                                                                <div class=\"features-box-image img\"><img decoding=\"async\" width=\"96\" height=\"96\" src=\"https:\/\/tjkserecon.s3.eu-central-1.amazonaws.com\/wp-content\/uploads\/2025\/07\/26153528\/recambio.svg\" class=\"attachment-full size-full wp-image-10446\" alt=\"\" \/><\/div><\/div><div class=\"features-box-content\"><h3 class=\"title\">Suministro de repuestos<\/h3><div class=\"description\">Amplio stock de piezas originales, incluso para m\u00e1quinas de generaciones anteriores. Garantizamos entregas r\u00e1pidas y componentes con los est\u00e1ndares de calidad m\u00e1s altos.\n\n<\/div><\/div>\n                                <\/div>\n                            <\/div>\n                                            <\/div>\n                            <\/div>\n            \t\t\t\t<\/div>\n\t\t\t\t<\/div>\n\t\t\t\t<div class=\"elementor-element elementor-element-c9d5509 elementor-align-justify elementor-widget elementor-widget-button\" data-id=\"c9d5509\" data-element_type=\"widget\" data-widget_type=\"button.default\">\n\t\t\t\t\t\t\t\t\t\t<a class=\"elementor-button elementor-button-link elementor-size-sm\" href=\"#contactopos\">\n\t\t\t\t\t\t<span class=\"elementor-button-content-wrapper\">\n\t\t\t\t\t\t<span class=\"elementor-button-icon\">\n\t\t\t\t<svg xmlns=\"http:\/\/www.w3.org\/2000\/svg\" width=\"14\" height=\"14\" viewbox=\"0 0 14 14\" fill=\"none\"><path d=\"M13.6109 0H5.05533C4.84037 0 4.66643 0.173943 4.66643 0.388901C4.66643 0.603859 4.84037 0.777802 5.05533 0.777802H12.6721L0.113697 13.3362C-0.0382246 13.4881 -0.0382246 13.7342 0.113697 13.8861C0.18964 13.962 0.289171 14 0.388666 14C0.488161 14 0.587656 13.962 0.663635 13.8861L13.222 1.3277V8.94447C13.222 9.15943 13.3959 9.33337 13.6109 9.33337C13.8259 9.33337 13.9998 9.15943 13.9998 8.94447V0.388901C13.9998 0.173943 13.8258 0 13.6109 0Z\" fill=\"currentColor\"><\/path><\/svg>\t\t\t<\/span>\n\t\t\t\t\t\t\t\t\t<span class=\"elementor-button-text\">Activa el soporte de posventa<\/span>\n\t\t\t\t\t<\/span>\n\t\t\t\t\t<\/a>\n\t\t\t\t\t\t\t\t<\/div>\n\t\t\t\t<\/div>\n\t\t\t\t\t<\/div>\n\t\t\t\t<\/div>\n\t\t<div class=\"elementor-element elementor-element-7794e67 e-flex e-con-boxed elementor-invisible e-con e-parent\" data-id=\"7794e67\" data-element_type=\"container\" data-settings=\"{&quot;animation&quot;:&quot;slide-up&quot;}\">\n\t\t\t\t\t<div class=\"e-con-inner\">\n\t\t<div class=\"elementor-element elementor-element-0519111 e-con-full e-flex e-con e-child\" data-id=\"0519111\" data-element_type=\"container\">\n\t\t\t\t<div class=\"elementor-element elementor-element-72bbba9 elementor-widget elementor-widget-menu-anchor\" data-id=\"72bbba9\" data-element_type=\"widget\" data-widget_type=\"menu-anchor.default\">\n\t\t\t\t\t\t\t<div class=\"elementor-menu-anchor\" id=\"contactopos\"><\/div>\n\t\t\t\t\t\t<\/div>\n\t\t\t\t<div class=\"elementor-element elementor-element-1e3a31a elementor-button-align-stretch elementor-widget elementor-widget-form\" data-id=\"1e3a31a\" data-element_type=\"widget\" data-settings=\"{&quot;step_next_label&quot;:&quot;Next&quot;,&quot;step_previous_label&quot;:&quot;Previous&quot;,&quot;button_width&quot;:&quot;100&quot;,&quot;step_type&quot;:&quot;number_text&quot;,&quot;step_icon_shape&quot;:&quot;circle&quot;}\" data-widget_type=\"form.default\">\n\t\t\t\t\t\t\t<form class=\"elementor-form\" method=\"post\" name=\"New Form\" action=\"\">\n\t\t\t<input type=\"hidden\" name=\"post_id\" value=\"42\"\/>\n\t\t\t<input type=\"hidden\" name=\"form_id\" value=\"1e3a31a\"\/>\n\t\t\t<input type=\"hidden\" name=\"referer_title\" value=\"\" \/>\n\n\t\t\t\n\t\t\t<div class=\"elementor-form-fields-wrapper elementor-labels-above\">\n\t\t\t\t\t\t\t\t<div class=\"elementor-field-type-text elementor-field-group elementor-column elementor-field-group-nombre_y_apellido elementor-col-50 elementor-field-required elementor-mark-required\">\n\t\t\t\t\t\t\t\t\t\t\t\t<label for=\"form-field-nombre_y_apellido\" class=\"elementor-field-label\">\n\t\t\t\t\t\t\t\tNombre y Apellido\t\t\t\t\t\t\t<\/label>\n\t\t\t\t\t\t\t\t\t\t\t\t\t\t<input size=\"1\" type=\"text\" name=\"form_fields[nombre_y_apellido]\" id=\"form-field-nombre_y_apellido\" class=\"elementor-field elementor-size-sm  elementor-field-textual\" placeholder=\"Nombre y Apellido\" required=\"required\">\n\t\t\t\t\t\t\t\t\t\t\t<\/div>\n\t\t\t\t\t\t\t\t<div class=\"elementor-field-type-text elementor-field-group elementor-column elementor-field-group-Empresa elementor-col-50 elementor-field-required elementor-mark-required\">\n\t\t\t\t\t\t\t\t\t\t\t\t<label for=\"form-field-Empresa\" class=\"elementor-field-label\">\n\t\t\t\t\t\t\t\tEmpresa\t\t\t\t\t\t\t<\/label>\n\t\t\t\t\t\t\t\t\t\t\t\t\t\t<input size=\"1\" type=\"text\" name=\"form_fields[Empresa]\" id=\"form-field-Empresa\" class=\"elementor-field elementor-size-sm  elementor-field-textual\" placeholder=\"Empresa\" required=\"required\">\n\t\t\t\t\t\t\t\t\t\t\t<\/div>\n\t\t\t\t\t\t\t\t<div class=\"elementor-field-type-email elementor-field-group elementor-column elementor-field-group-email elementor-col-50 elementor-field-required elementor-mark-required\">\n\t\t\t\t\t\t\t\t\t\t\t\t<label for=\"form-field-email\" class=\"elementor-field-label\">\n\t\t\t\t\t\t\t\tEmail\t\t\t\t\t\t\t<\/label>\n\t\t\t\t\t\t\t\t\t\t\t\t\t\t<input size=\"1\" type=\"email\" name=\"form_fields[email]\" id=\"form-field-email\" class=\"elementor-field elementor-size-sm  elementor-field-textual\" placeholder=\"Email\" required=\"required\">\n\t\t\t\t\t\t\t\t\t\t\t<\/div>\n\t\t\t\t\t\t\t\t<div class=\"elementor-field-type-number elementor-field-group elementor-column elementor-field-group-numero_telefonico elementor-col-50 elementor-field-required elementor-mark-required\">\n\t\t\t\t\t\t\t\t\t\t\t\t<label for=\"form-field-numero_telefonico\" class=\"elementor-field-label\">\n\t\t\t\t\t\t\t\tNumero telef\u00f3nico\t\t\t\t\t\t\t<\/label>\n\t\t\t\t\t\t\t\t\t<input type=\"number\" name=\"form_fields[numero_telefonico]\" id=\"form-field-numero_telefonico\" class=\"elementor-field elementor-size-sm  elementor-field-textual\" placeholder=\"+1234\" required=\"required\" min=\"\" max=\"\" >\n\t\t\t\t\t\t<\/div>\n\t\t\t\t\t\t\t\t<div class=\"elementor-field-type-textarea elementor-field-group elementor-column elementor-field-group-Mensaje elementor-col-100 elementor-field-required elementor-mark-required\">\n\t\t\t\t\t\t\t\t\t\t\t\t<label for=\"form-field-Mensaje\" class=\"elementor-field-label\">\n\t\t\t\t\t\t\t\tMensaje\t\t\t\t\t\t\t<\/label>\n\t\t\t\t\t\t<textarea class=\"elementor-field-textual elementor-field  elementor-size-sm\" name=\"form_fields[Mensaje]\" id=\"form-field-Mensaje\" rows=\"4\" placeholder=\"Su consulta\" required=\"required\"><\/textarea>\t\t\t\t<\/div>\n\t\t\t\t\t\t\t\t<div class=\"elementor-field-type-hidden elementor-field-group elementor-column elementor-field-group-maquina elementor-col-100\">\n\t\t\t\t\t\t\t\t\t\t\t\t\t<input size=\"1\" type=\"hidden\" name=\"form_fields[maquina]\" id=\"form-field-maquina\" class=\"elementor-field elementor-size-sm  elementor-field-textual\" value=\"Servicio POSTVENTA\">\n\t\t\t\t\t\t\t\t\t\t\t<\/div>\n\t\t\t\t\t\t\t\t<div class=\"elementor-field-type-recaptcha_v3 elementor-field-group elementor-column elementor-field-group-field_e196d8b elementor-col-100 recaptcha_v3-bottomright\">\n\t\t\t\t\t<div class=\"elementor-field\" id=\"form-field-field_e196d8b\"><div class=\"elementor-g-recaptcha\" data-sitekey=\"6LfIsIsrAAAAAI8MptwJRYd2ax3tGLFefgVUWnQE\" data-type=\"v3\" data-action=\"Form\" data-badge=\"bottomright\" data-size=\"invisible\"><\/div><\/div>\t\t\t\t<\/div>\n\t\t\t\t\t\t\t\t<div class=\"elementor-field-type-text\">\n\t\t\t\t\t<input size=\"1\" type=\"text\" name=\"form_fields[field_fc2c73f]\" id=\"form-field-field_fc2c73f\" class=\"elementor-field elementor-size-sm\" style=\"display:none !important;\">\t\t\t\t<\/div>\n\t\t\t\t\t\t\t\t<div class=\"elementor-field-group elementor-column elementor-field-type-submit elementor-col-100 e-form__buttons\">\n\t\t\t\t\t<button class=\"elementor-button elementor-size-sm\" type=\"submit\">\n\t\t\t\t\t\t<span class=\"elementor-button-content-wrapper\">\n\t\t\t\t\t\t\t\t\t\t\t\t\t\t\t\t\t\t\t\t\t\t<span class=\"elementor-button-text\">ENVIAR CONSULTA <\/span>\n\t\t\t\t\t\t\t\t\t\t\t\t\t<\/span>\n\t\t\t\t\t<\/button>\n\t\t\t\t<\/div>\n\t\t\t<\/div>\n\t\t<input type=\"hidden\" name=\"trp-form-language\" value=\"it\"\/><\/form>\n\t\t\t\t\t\t<\/div>\n\t\t\t\t<\/div>\n\t\t<div class=\"elementor-element elementor-element-0db880a e-con-full elementor-hidden-tablet elementor-hidden-mobile e-flex e-con e-child\" data-id=\"0db880a\" data-element_type=\"container\">\n\t\t\t\t<\/div>\n\t\t<div class=\"elementor-element elementor-element-8f049e7 e-con-full e-flex e-con e-child\" data-id=\"8f049e7\" data-element_type=\"container\" data-settings=\"{&quot;background_background&quot;:&quot;classic&quot;}\">\n\t\t\t\t<div class=\"elementor-element elementor-element-1de74b3 elementor-widget__width-initial elementor-widget-mobile__width-initial elementor-widget elementor-widget-heading\" data-id=\"1de74b3\" data-element_type=\"widget\" data-widget_type=\"heading.default\">\n\t\t\t\t\t<h2 class=\"elementor-heading-title elementor-size-default\">Detalle de contacto<\/h2>\t\t\t\t<\/div>\n\t\t\t\t<div class=\"elementor-element elementor-element-81c0762 elementor-widget elementor-widget-apus_element_list_icon\" data-id=\"81c0762\" data-element_type=\"widget\" data-widget_type=\"apus_element_list_icon.default\">\n\t\t\t\t<div class=\"elementor-widget-container\">\n\t\t\t\t\t            <div class=\"widget-list-icon\">\n                                                <div class=\"list-icon d-flex style1\">\n                                    <div class=\"features-box-image img\"><img loading=\"lazy\" decoding=\"async\" width=\"20\" height=\"22\" src=\"https:\/\/tjkserecon.s3.eu-central-1.amazonaws.com\/wp-content\/uploads\/2023\/10\/26153916\/pin.svg\" class=\"attachment-full size-full wp-image-1951\" alt=\"\" \/><\/div><div class=\"box-content\"><h3 class=\"title\">Direcci\u00f3n<\/h3><div class=\"description\">C\/ Messina n\u00ba 4, Pol\u00edgono Industrial PLAZA\n50197, Zaragoza (Espa\u00f1a)<br><\/div><\/div>\n                            <\/div>\n                                                <div class=\"list-icon d-flex style1\">\n                                    <div class=\"features-box-image img\"><img loading=\"lazy\" decoding=\"async\" width=\"24\" height=\"22\" src=\"https:\/\/tjkserecon.s3.eu-central-1.amazonaws.com\/wp-content\/uploads\/2023\/10\/26153916\/mail-1.svg\" class=\"attachment-full size-full wp-image-1958\" alt=\"\" \/><\/div><div class=\"box-content\"><h3 class=\"title\">Email<\/h3><div class=\"description\">comercial@tjkserecon.com<\/div><\/div>\n                            <\/div>\n                                                <div class=\"list-icon d-flex style1\">\n                                    <div class=\"features-box-image img\"><img loading=\"lazy\" decoding=\"async\" width=\"26\" height=\"26\" src=\"https:\/\/tjkserecon.s3.eu-central-1.amazonaws.com\/wp-content\/uploads\/2023\/10\/26153916\/phone-1.svg\" class=\"attachment-full size-full wp-image-1959\" alt=\"\" \/><\/div><div class=\"box-content\"><h3 class=\"title\">Tel\u00e9fono<\/h3><div class=\"description\">+34 976 10 80 15<\/div><\/div>\n                            <\/div>\n                                <\/div>\n            \t\t\t\t<\/div>\n\t\t\t\t<\/div>\n\t\t\t\t<\/div>\n\t\t\t\t\t<\/div>\n\t\t\t\t<\/div>\n\t\t\t\t<\/div>","protected":false},"excerpt":{"rendered":"<p>SERVICIO POSVENTA En Grupo Serecon somos el servicio t\u00e9cnico oficial y proveedor de repuestos originales TJK para Espa\u00f1a y otros pa\u00edses de Europa. Desde nuestra sede central en Zaragoza y delegaciones estrat\u00e9gicas en Andaluc\u00eda, Galicia, Catalu\u00f1a y Levante, ofrecemos una cobertura t\u00e9cnica integral que garantiza la m\u00e1xima eficiencia y disponibilidad de sus equipos TJK. Nuestro [&hellip;]<\/p>","protected":false},"author":2,"featured_media":0,"parent":0,"menu_order":0,"comment_status":"closed","ping_status":"closed","template":"","meta":{"footnotes":""},"class_list":["post-42","page","type-page","status-publish","hentry"],"_links":{"self":[{"href":"https:\/\/www.tjkserecon.com\/it\/wp-json\/wp\/v2\/pages\/42","targetHints":{"allow":["GET"]}}],"collection":[{"href":"https:\/\/www.tjkserecon.com\/it\/wp-json\/wp\/v2\/pages"}],"about":[{"href":"https:\/\/www.tjkserecon.com\/it\/wp-json\/wp\/v2\/types\/page"}],"author":[{"embeddable":true,"href":"https:\/\/www.tjkserecon.com\/it\/wp-json\/wp\/v2\/users\/2"}],"replies":[{"embeddable":true,"href":"https:\/\/www.tjkserecon.com\/it\/wp-json\/wp\/v2\/comments?post=42"}],"version-history":[{"count":0,"href":"https:\/\/www.tjkserecon.com\/it\/wp-json\/wp\/v2\/pages\/42\/revisions"}],"wp:attachment":[{"href":"https:\/\/www.tjkserecon.com\/it\/wp-json\/wp\/v2\/media?parent=42"}],"curies":[{"name":"wp","href":"https:\/\/api.w.org\/{rel}","templated":true}]}}