{"id":7677,"date":"2025-07-07T13:01:48","date_gmt":"2025-07-07T13:01:48","guid":{"rendered":"https:\/\/www.tjkserecon.com\/?page_id=7677"},"modified":"2025-07-07T13:05:02","modified_gmt":"2025-07-07T13:05:02","slug":"categorias","status":"publish","type":"page","link":"https:\/\/www.tjkserecon.com\/it\/categorias\/","title":{"rendered":"CATEGORIAS"},"content":{"rendered":"<div data-elementor-type=\"wp-page\" data-elementor-id=\"7677\" class=\"elementor elementor-7677\" data-elementor-post-type=\"page\">\n\t\t\t\t<div class=\"elementor-element elementor-element-abdf08a elementor-hidden-mobile e-flex e-con-boxed e-con e-parent\" data-id=\"abdf08a\" data-element_type=\"container\" data-settings=\"{&quot;background_background&quot;:&quot;video&quot;}\">\n\t\t\t\t\t<div class=\"e-con-inner\">\n\t\t<div class=\"elementor-element elementor-element-50125e2 e-flex e-con-boxed e-con e-child\" data-id=\"50125e2\" data-element_type=\"container\" data-settings=\"{&quot;background_background&quot;:&quot;video&quot;,&quot;background_video_link&quot;:&quot;https:\\\/\\\/www.youtube.com\\\/watch?v=Aqm7ZuZL_bM&quot;}\">\n\t\t\t\t\t<div class=\"e-con-inner\">\n\t\t<div class=\"elementor-background-video-container elementor-hidden-mobile\">\n\t\t\t\t\t\t\t<div class=\"elementor-background-video-embed\"><\/div>\n\t\t\t\t\t\t<\/div><div class=\"elementor-element elementor-element-03a92bf e-con-full e-flex elementor-invisible e-con e-child\" data-id=\"03a92bf\" data-element_type=\"container\" data-settings=\"{&quot;animation&quot;:&quot;slide-up&quot;}\">\n\t\t<div class=\"elementor-element elementor-element-3e2ca4d e-con-full e-flex e-con e-child\" data-id=\"3e2ca4d\" data-element_type=\"container\" data-settings=\"{&quot;background_background&quot;:&quot;classic&quot;}\">\n\t\t\t\t<div class=\"elementor-element elementor-element-e17bddb elementor-widget__width-initial elementor-widget-mobile__width-initial elementor-widget elementor-widget-heading\" data-id=\"e17bddb\" data-element_type=\"widget\" data-widget_type=\"heading.default\">\n\t\t\t\t\t<h2 class=\"elementor-heading-title elementor-size-default\">M\u00c1QUINARIA DE ALTO RENDIMIENTO.<\/h2>\t\t\t\t<\/div>\n\t\t\t\t<\/div>\n\t\t\t\t<\/div>\n\t\t\t\t\t<\/div>\n\t\t\t\t<\/div>\n\t\t\t\t\t<\/div>\n\t\t\t\t<\/div>\n\t\t<div class=\"elementor-element elementor-element-430beed e-flex e-con-boxed elementor-invisible e-con e-parent\" data-id=\"430beed\" data-element_type=\"container\" data-settings=\"{&quot;animation&quot;:&quot;slide-up&quot;}\">\n\t\t\t\t\t<div class=\"e-con-inner\">\n\t\t<div class=\"elementor-element elementor-element-be60fe7 e-con-full link-container e-flex e-con e-child\" data-id=\"be60fe7\" data-element_type=\"container\">\n\t\t\t\t<div class=\"elementor-element elementor-element-d5617e9 elementor-widget elementor-widget-html\" data-id=\"d5617e9\" data-element_type=\"widget\" data-widget_type=\"html.default\">\n\t\t\t\t\t<script>\n  document.addEventListener(\"DOMContentLoaded\", function() {\n    document.querySelectorAll(\".link-container\").forEach(function(container) {\n      container.style.cursor = \"pointer\";\n      container.addEventListener(\"click\", function() {\n        window.location.href = \"https:\/\/www.tjkserecon.com\/estribadoras-tjk\";\n      });\n    });\n  });\n<\/script>\t\t\t\t<\/div>\n\t\t\t\t<div class=\"elementor-element elementor-element-8a20c6e elementor-widget elementor-widget-apus_element_team\" data-id=\"8a20c6e\" data-element_type=\"widget\" data-widget_type=\"apus_element_team.default\">\n\t\t\t\t<div class=\"elementor-widget-container\">\n\t\t\t\t\t        <div class=\"widget-team\">\n                            <div class=\"team-image position-relative\">\n                    <div class=\"image-wrapper\"><img fetchpriority=\"high\" decoding=\"async\" width=\"1350\" height=\"900\" src=\"https:\/\/tjkserecon.s3.eu-central-1.amazonaws.com\/wp-content\/uploads\/2025\/07\/26153832\/Estribadoras-Categoria.jpg\" class=\"attachment-full size-full\" alt=\"\" srcset=\"https:\/\/tjkserecon.s3.eu-central-1.amazonaws.com\/wp-content\/uploads\/2025\/07\/26153832\/Estribadoras-Categoria.jpg 1350w, https:\/\/tjkserecon.s3.eu-central-1.amazonaws.com\/wp-content\/uploads\/2025\/07\/26153832\/Estribadoras-Categoria-600x400.jpg 600w, https:\/\/tjkserecon.s3.eu-central-1.amazonaws.com\/wp-content\/uploads\/2025\/07\/26153832\/Estribadoras-Categoria-300x200.jpg 300w, https:\/\/tjkserecon.s3.eu-central-1.amazonaws.com\/wp-content\/uploads\/2025\/07\/26153832\/Estribadoras-Categoria-1024x683.jpg 1024w, https:\/\/tjkserecon.s3.eu-central-1.amazonaws.com\/wp-content\/uploads\/2025\/07\/26153832\/Estribadoras-Categoria-768x512.jpg 768w, https:\/\/tjkserecon.s3.eu-central-1.amazonaws.com\/wp-content\/uploads\/2025\/07\/26153832\/Estribadoras-Categoria-660x440.jpg 660w\" sizes=\"(max-width: 1350px) 100vw, 1350px\" \/><\/div>                    <div class=\"inner\">\n                                                                            <div class=\"phone\">Ver Productos<\/div>\n                                            <\/div>\n                <\/div>\n                            \n            <div class=\"content\">\n                                            <\/div>\n        <\/div>\n        \t\t\t\t<\/div>\n\t\t\t\t<\/div>\n\t\t\t\t<div class=\"elementor-element elementor-element-315757d elementor-widget elementor-widget-heading\" data-id=\"315757d\" data-element_type=\"widget\" data-widget_type=\"heading.default\">\n\t\t\t\t\t<h2 class=\"elementor-heading-title elementor-size-default\">ESTRIBOS<\/h2>\t\t\t\t<\/div>\n\t\t\t\t<div class=\"elementor-element elementor-element-cf0a66f elementor-widget elementor-widget-heading\" data-id=\"cf0a66f\" data-element_type=\"widget\" data-widget_type=\"heading.default\">\n\t\t\t\t\t<h2 class=\"elementor-heading-title elementor-size-default\">Optimizaci\u00f3n total en el armado de estribos.<\/h2>\t\t\t\t<\/div>\n\t\t\t\t<\/div>\n\t\t<div class=\"elementor-element elementor-element-9d87ff5 e-con-full link-container-cortadoras e-flex e-con e-child\" data-id=\"9d87ff5\" data-element_type=\"container\">\n\t\t\t\t<div class=\"elementor-element elementor-element-249eb4b elementor-widget elementor-widget-html\" data-id=\"249eb4b\" data-element_type=\"widget\" data-widget_type=\"html.default\">\n\t\t\t\t\t<script>\n  document.addEventListener(\"DOMContentLoaded\", function() {\n    document.querySelectorAll(\".link-container-cortadoras\").forEach(function(container) {\n      container.style.cursor = \"pointer\";\n      container.addEventListener(\"click\", function() {\n        window.location.href = \"https:\/\/www.tjkserecon.com\/cortado-y-doblado-tjk\/\";\n      });\n    });\n  });\n<\/script>\t\t\t\t<\/div>\n\t\t\t\t<div class=\"elementor-element elementor-element-72deaac elementor-widget elementor-widget-apus_element_team\" data-id=\"72deaac\" data-element_type=\"widget\" data-widget_type=\"apus_element_team.default\">\n\t\t\t\t<div class=\"elementor-widget-container\">\n\t\t\t\t\t        <div class=\"widget-team\">\n                            <div class=\"team-image position-relative\">\n                    <div class=\"image-wrapper\"><img decoding=\"async\" width=\"1350\" height=\"900\" src=\"https:\/\/tjkserecon.s3.eu-central-1.amazonaws.com\/wp-content\/uploads\/2025\/07\/26153834\/Corte-y-doblado-Categoria.jpg\" class=\"attachment-full size-full\" alt=\"\" srcset=\"https:\/\/tjkserecon.s3.eu-central-1.amazonaws.com\/wp-content\/uploads\/2025\/07\/26153834\/Corte-y-doblado-Categoria.jpg 1350w, https:\/\/tjkserecon.s3.eu-central-1.amazonaws.com\/wp-content\/uploads\/2025\/07\/26153834\/Corte-y-doblado-Categoria-600x400.jpg 600w, https:\/\/tjkserecon.s3.eu-central-1.amazonaws.com\/wp-content\/uploads\/2025\/07\/26153834\/Corte-y-doblado-Categoria-300x200.jpg 300w, https:\/\/tjkserecon.s3.eu-central-1.amazonaws.com\/wp-content\/uploads\/2025\/07\/26153834\/Corte-y-doblado-Categoria-1024x683.jpg 1024w, https:\/\/tjkserecon.s3.eu-central-1.amazonaws.com\/wp-content\/uploads\/2025\/07\/26153834\/Corte-y-doblado-Categoria-768x512.jpg 768w, https:\/\/tjkserecon.s3.eu-central-1.amazonaws.com\/wp-content\/uploads\/2025\/07\/26153834\/Corte-y-doblado-Categoria-660x440.jpg 660w\" sizes=\"(max-width: 1350px) 100vw, 1350px\" \/><\/div>                    <div class=\"inner\">\n                                                                            <div class=\"phone\">Ver Productos<\/div>\n                                            <\/div>\n                <\/div>\n                            \n            <div class=\"content\">\n                                            <\/div>\n        <\/div>\n        \t\t\t\t<\/div>\n\t\t\t\t<\/div>\n\t\t\t\t<div class=\"elementor-element elementor-element-3f85fdb elementor-widget elementor-widget-heading\" data-id=\"3f85fdb\" data-element_type=\"widget\" data-widget_type=\"heading.default\">\n\t\t\t\t\t<h2 class=\"elementor-heading-title elementor-size-default\">CORTE Y DOBLADO<\/h2>\t\t\t\t<\/div>\n\t\t\t\t<div class=\"elementor-element elementor-element-ff29ff3 elementor-widget elementor-widget-heading\" data-id=\"ff29ff3\" data-element_type=\"widget\" data-widget_type=\"heading.default\">\n\t\t\t\t\t<h2 class=\"elementor-heading-title elementor-size-default\">Eficiencia continua para l\u00edneas de producci\u00f3n exigentes.<\/h2>\t\t\t\t<\/div>\n\t\t\t\t<\/div>\n\t\t<div class=\"elementor-element elementor-element-d925f86 e-con-full link-container-enederezado e-flex e-con e-child\" data-id=\"d925f86\" data-element_type=\"container\">\n\t\t\t\t<div class=\"elementor-element elementor-element-b10e6f9 elementor-widget elementor-widget-html\" data-id=\"b10e6f9\" data-element_type=\"widget\" data-widget_type=\"html.default\">\n\t\t\t\t\t<script>\n  document.addEventListener(\"DOMContentLoaded\", function() {\n    document.querySelectorAll(\".link-container-enederezado\").forEach(function(container) {\n      container.style.cursor = \"pointer\";\n      container.addEventListener(\"click\", function() {\n        window.location.href = \"https:\/\/www.tjkserecon.com\/enderezado-tjk\/\";\n      });\n    });\n  });\n<\/script>\t\t\t\t<\/div>\n\t\t\t\t<div class=\"elementor-element elementor-element-408561d elementor-widget elementor-widget-apus_element_team\" data-id=\"408561d\" data-element_type=\"widget\" data-widget_type=\"apus_element_team.default\">\n\t\t\t\t<div class=\"elementor-widget-container\">\n\t\t\t\t\t        <div class=\"widget-team\">\n                            <div class=\"team-image position-relative\">\n                    <div class=\"image-wrapper\"><img decoding=\"async\" width=\"1350\" height=\"900\" src=\"https:\/\/tjkserecon.s3.eu-central-1.amazonaws.com\/wp-content\/uploads\/2025\/07\/26153833\/Enderezadoras-Categoria.jpg\" class=\"attachment-full size-full\" alt=\"\" srcset=\"https:\/\/tjkserecon.s3.eu-central-1.amazonaws.com\/wp-content\/uploads\/2025\/07\/26153833\/Enderezadoras-Categoria.jpg 1350w, https:\/\/tjkserecon.s3.eu-central-1.amazonaws.com\/wp-content\/uploads\/2025\/07\/26153833\/Enderezadoras-Categoria-600x400.jpg 600w, https:\/\/tjkserecon.s3.eu-central-1.amazonaws.com\/wp-content\/uploads\/2025\/07\/26153833\/Enderezadoras-Categoria-300x200.jpg 300w, https:\/\/tjkserecon.s3.eu-central-1.amazonaws.com\/wp-content\/uploads\/2025\/07\/26153833\/Enderezadoras-Categoria-1024x683.jpg 1024w, https:\/\/tjkserecon.s3.eu-central-1.amazonaws.com\/wp-content\/uploads\/2025\/07\/26153833\/Enderezadoras-Categoria-768x512.jpg 768w, https:\/\/tjkserecon.s3.eu-central-1.amazonaws.com\/wp-content\/uploads\/2025\/07\/26153833\/Enderezadoras-Categoria-660x440.jpg 660w\" sizes=\"(max-width: 1350px) 100vw, 1350px\" \/><\/div>                    <div class=\"inner\">\n                                                                            <div class=\"phone\">Ver Productos<\/div>\n                                            <\/div>\n                <\/div>\n                            \n            <div class=\"content\">\n                                            <\/div>\n        <\/div>\n        \t\t\t\t<\/div>\n\t\t\t\t<\/div>\n\t\t\t\t<div class=\"elementor-element elementor-element-c00d93c elementor-widget elementor-widget-heading\" data-id=\"c00d93c\" data-element_type=\"widget\" data-widget_type=\"heading.default\">\n\t\t\t\t\t<h2 class=\"elementor-heading-title elementor-size-default\">ENDEREZADO<\/h2>\t\t\t\t<\/div>\n\t\t\t\t<div class=\"elementor-element elementor-element-4e52893 elementor-widget elementor-widget-heading\" data-id=\"4e52893\" data-element_type=\"widget\" data-widget_type=\"heading.default\">\n\t\t\t\t\t<h2 class=\"elementor-heading-title elementor-size-default\">Enderezado autom\u00e1tico con alimentaci\u00f3n continua.<\/h2>\t\t\t\t<\/div>\n\t\t\t\t<\/div>\n\t\t\t\t\t<\/div>\n\t\t\t\t<\/div>\n\t\t<div class=\"elementor-element elementor-element-a965f3b e-flex e-con-boxed elementor-invisible e-con e-parent\" data-id=\"a965f3b\" data-element_type=\"container\" data-settings=\"{&quot;animation&quot;:&quot;slide-up&quot;}\">\n\t\t\t\t\t<div class=\"e-con-inner\">\n\t\t<div class=\"elementor-element elementor-element-9186066 e-con-full e-flex e-con e-child\" data-id=\"9186066\" data-element_type=\"container\">\n\t\t\t\t<div class=\"elementor-element elementor-element-2a9bcc5 elementor-widget elementor-widget-html\" data-id=\"2a9bcc5\" data-element_type=\"widget\" data-widget_type=\"html.default\">\n\t\t\t\t\t<script>\n  document.addEventListener(\"DOMContentLoaded\", function() {\n    document.querySelectorAll(\".link-container\").forEach(function(container) {\n      container.style.cursor = \"pointer\";\n      container.addEventListener(\"click\", function() {\n        window.location.href = \"https:\/\/www.tjkserecon.com\/estribadoras-tjk\";\n      });\n    });\n  });\n<\/script>\t\t\t\t<\/div>\n\t\t\t\t<div class=\"elementor-element elementor-element-0ba5b06 elementor-widget elementor-widget-apus_element_team\" data-id=\"0ba5b06\" data-element_type=\"widget\" data-widget_type=\"apus_element_team.default\">\n\t\t\t\t<div class=\"elementor-widget-container\">\n\t\t\t\t\t        <div class=\"widget-team\">\n                            <div class=\"team-image position-relative\">\n                    <div class=\"image-wrapper\"><img loading=\"lazy\" decoding=\"async\" width=\"1350\" height=\"900\" src=\"https:\/\/tjkserecon.s3.eu-central-1.amazonaws.com\/wp-content\/uploads\/2025\/07\/26153834\/Jaulas-y-armaduras-Categoria.jpg\" class=\"attachment-full size-full\" alt=\"\" srcset=\"https:\/\/tjkserecon.s3.eu-central-1.amazonaws.com\/wp-content\/uploads\/2025\/07\/26153834\/Jaulas-y-armaduras-Categoria.jpg 1350w, https:\/\/tjkserecon.s3.eu-central-1.amazonaws.com\/wp-content\/uploads\/2025\/07\/26153834\/Jaulas-y-armaduras-Categoria-600x400.jpg 600w, https:\/\/tjkserecon.s3.eu-central-1.amazonaws.com\/wp-content\/uploads\/2025\/07\/26153834\/Jaulas-y-armaduras-Categoria-300x200.jpg 300w, https:\/\/tjkserecon.s3.eu-central-1.amazonaws.com\/wp-content\/uploads\/2025\/07\/26153834\/Jaulas-y-armaduras-Categoria-1024x683.jpg 1024w, https:\/\/tjkserecon.s3.eu-central-1.amazonaws.com\/wp-content\/uploads\/2025\/07\/26153834\/Jaulas-y-armaduras-Categoria-768x512.jpg 768w, https:\/\/tjkserecon.s3.eu-central-1.amazonaws.com\/wp-content\/uploads\/2025\/07\/26153834\/Jaulas-y-armaduras-Categoria-660x440.jpg 660w\" sizes=\"(max-width: 1350px) 100vw, 1350px\" \/><\/div>                    <div class=\"inner\">\n                                                                            <div class=\"phone\">Ver Productos<\/div>\n                                            <\/div>\n                <\/div>\n                            \n            <div class=\"content\">\n                                            <\/div>\n        <\/div>\n        \t\t\t\t<\/div>\n\t\t\t\t<\/div>\n\t\t\t\t<div class=\"elementor-element elementor-element-10835ad elementor-widget elementor-widget-heading\" data-id=\"10835ad\" data-element_type=\"widget\" data-widget_type=\"heading.default\">\n\t\t\t\t\t<h2 class=\"elementor-heading-title elementor-size-default\">JAULAS Y PILOTES<\/h2>\t\t\t\t<\/div>\n\t\t\t\t<div class=\"elementor-element elementor-element-3c41959 elementor-widget elementor-widget-heading\" data-id=\"3c41959\" data-element_type=\"widget\" data-widget_type=\"heading.default\">\n\t\t\t\t\t<h2 class=\"elementor-heading-title elementor-size-default\">Soluciones para pilotes, columnas y prefabricados.<\/h2>\t\t\t\t<\/div>\n\t\t\t\t<\/div>\n\t\t<div class=\"elementor-element elementor-element-1591a31 e-con-full e-flex e-con e-child\" data-id=\"1591a31\" data-element_type=\"container\">\n\t\t\t\t<div class=\"elementor-element elementor-element-ef2f451 elementor-widget elementor-widget-html\" data-id=\"ef2f451\" data-element_type=\"widget\" data-widget_type=\"html.default\">\n\t\t\t\t\t<script>\n  document.addEventListener(\"DOMContentLoaded\", function() {\n    document.querySelectorAll(\".link-container\").forEach(function(container) {\n      container.style.cursor = \"pointer\";\n      container.addEventListener(\"click\", function() {\n        window.location.href = \"https:\/\/www.tjkserecon.com\/estribadoras-tjk\";\n      });\n    });\n  });\n<\/script>\t\t\t\t<\/div>\n\t\t\t\t<div class=\"elementor-element elementor-element-39e9b04 elementor-widget elementor-widget-apus_element_team\" data-id=\"39e9b04\" data-element_type=\"widget\" data-widget_type=\"apus_element_team.default\">\n\t\t\t\t<div class=\"elementor-widget-container\">\n\t\t\t\t\t        <div class=\"widget-team\">\n                            <div class=\"team-image position-relative\">\n                    <div class=\"image-wrapper\"><img loading=\"lazy\" decoding=\"async\" width=\"1350\" height=\"900\" src=\"https:\/\/tjkserecon.s3.eu-central-1.amazonaws.com\/wp-content\/uploads\/2025\/07\/26153833\/Corte-a-medida-Categoria.jpg\" class=\"attachment-full size-full\" alt=\"\" srcset=\"https:\/\/tjkserecon.s3.eu-central-1.amazonaws.com\/wp-content\/uploads\/2025\/07\/26153833\/Corte-a-medida-Categoria.jpg 1350w, https:\/\/tjkserecon.s3.eu-central-1.amazonaws.com\/wp-content\/uploads\/2025\/07\/26153833\/Corte-a-medida-Categoria-600x400.jpg 600w, https:\/\/tjkserecon.s3.eu-central-1.amazonaws.com\/wp-content\/uploads\/2025\/07\/26153833\/Corte-a-medida-Categoria-300x200.jpg 300w, https:\/\/tjkserecon.s3.eu-central-1.amazonaws.com\/wp-content\/uploads\/2025\/07\/26153833\/Corte-a-medida-Categoria-1024x683.jpg 1024w, https:\/\/tjkserecon.s3.eu-central-1.amazonaws.com\/wp-content\/uploads\/2025\/07\/26153833\/Corte-a-medida-Categoria-768x512.jpg 768w, https:\/\/tjkserecon.s3.eu-central-1.amazonaws.com\/wp-content\/uploads\/2025\/07\/26153833\/Corte-a-medida-Categoria-660x440.jpg 660w\" sizes=\"(max-width: 1350px) 100vw, 1350px\" \/><\/div>                    <div class=\"inner\">\n                                                                            <div class=\"phone\">Ver Productos<\/div>\n                                            <\/div>\n                <\/div>\n                            \n            <div class=\"content\">\n                                            <\/div>\n        <\/div>\n        \t\t\t\t<\/div>\n\t\t\t\t<\/div>\n\t\t\t\t<div class=\"elementor-element elementor-element-f3422a2 elementor-widget elementor-widget-heading\" data-id=\"f3422a2\" data-element_type=\"widget\" data-widget_type=\"heading.default\">\n\t\t\t\t\t<h2 class=\"elementor-heading-title elementor-size-default\">CORTE A MEDIDA<\/h2>\t\t\t\t<\/div>\n\t\t\t\t<div class=\"elementor-element elementor-element-0911f2d elementor-widget elementor-widget-heading\" data-id=\"0911f2d\" data-element_type=\"widget\" data-widget_type=\"heading.default\">\n\t\t\t\t\t<h2 class=\"elementor-heading-title elementor-size-default\">M\u00e1xima precisi\u00f3n para cada medida.<\/h2>\t\t\t\t<\/div>\n\t\t\t\t<\/div>\n\t\t<div class=\"elementor-element elementor-element-dfeb9fe e-con-full e-flex e-con e-child\" data-id=\"dfeb9fe\" data-element_type=\"container\">\n\t\t\t\t<div class=\"elementor-element elementor-element-c82df26 elementor-widget elementor-widget-html\" data-id=\"c82df26\" data-element_type=\"widget\" data-widget_type=\"html.default\">\n\t\t\t\t\t<script>\n  document.addEventListener(\"DOMContentLoaded\", function() {\n    document.querySelectorAll(\".link-container\").forEach(function(container) {\n      container.style.cursor = \"pointer\";\n      container.addEventListener(\"click\", function() {\n        window.location.href = \"https:\/\/www.tjkserecon.com\/estribadoras-tjk\";\n      });\n    });\n  });\n<\/script>\t\t\t\t<\/div>\n\t\t\t\t<div class=\"elementor-element elementor-element-c8107e5 elementor-widget elementor-widget-apus_element_team\" data-id=\"c8107e5\" data-element_type=\"widget\" data-widget_type=\"apus_element_team.default\">\n\t\t\t\t<div class=\"elementor-widget-container\">\n\t\t\t\t\t        <div class=\"widget-team\">\n                            <div class=\"team-image position-relative\">\n                    <div class=\"image-wrapper\"><img loading=\"lazy\" decoding=\"async\" width=\"1350\" height=\"900\" src=\"https:\/\/tjkserecon.s3.eu-central-1.amazonaws.com\/wp-content\/uploads\/2025\/07\/26153832\/Doblado-y-conformado-Categoria.jpg\" class=\"attachment-full size-full\" alt=\"\" srcset=\"https:\/\/tjkserecon.s3.eu-central-1.amazonaws.com\/wp-content\/uploads\/2025\/07\/26153832\/Doblado-y-conformado-Categoria.jpg 1350w, https:\/\/tjkserecon.s3.eu-central-1.amazonaws.com\/wp-content\/uploads\/2025\/07\/26153832\/Doblado-y-conformado-Categoria-600x400.jpg 600w, https:\/\/tjkserecon.s3.eu-central-1.amazonaws.com\/wp-content\/uploads\/2025\/07\/26153832\/Doblado-y-conformado-Categoria-300x200.jpg 300w, https:\/\/tjkserecon.s3.eu-central-1.amazonaws.com\/wp-content\/uploads\/2025\/07\/26153832\/Doblado-y-conformado-Categoria-1024x683.jpg 1024w, https:\/\/tjkserecon.s3.eu-central-1.amazonaws.com\/wp-content\/uploads\/2025\/07\/26153832\/Doblado-y-conformado-Categoria-768x512.jpg 768w, https:\/\/tjkserecon.s3.eu-central-1.amazonaws.com\/wp-content\/uploads\/2025\/07\/26153832\/Doblado-y-conformado-Categoria-660x440.jpg 660w\" sizes=\"(max-width: 1350px) 100vw, 1350px\" \/><\/div>                    <div class=\"inner\">\n                                                                            <div class=\"phone\">Ver Productos<\/div>\n                                            <\/div>\n                <\/div>\n                            \n            <div class=\"content\">\n                                            <\/div>\n        <\/div>\n        \t\t\t\t<\/div>\n\t\t\t\t<\/div>\n\t\t\t\t<div class=\"elementor-element elementor-element-196a996 elementor-widget elementor-widget-heading\" data-id=\"196a996\" data-element_type=\"widget\" data-widget_type=\"heading.default\">\n\t\t\t\t\t<h2 class=\"elementor-heading-title elementor-size-default\">DOBLADO Y CONFORMADO<\/h2>\t\t\t\t<\/div>\n\t\t\t\t<div class=\"elementor-element elementor-element-e8772ff elementor-widget elementor-widget-heading\" data-id=\"e8772ff\" data-element_type=\"widget\" data-widget_type=\"heading.default\">\n\t\t\t\t\t<h2 class=\"elementor-heading-title elementor-size-default\">Curvas precisas, radios constantes y sin deformaciones.<\/h2>\t\t\t\t<\/div>\n\t\t\t\t<\/div>\n\t\t\t\t\t<\/div>\n\t\t\t\t<\/div>\n\t\t\t\t<\/div>","protected":false},"excerpt":{"rendered":"<p>M\u00c1QUINARIA DE ALTO RENDIMIENTO. Ver Productos ESTRIBOS Optimizaci\u00f3n total en el armado de estribos. Ver Productos CORTE Y DOBLADO Eficiencia continua para l\u00edneas de producci\u00f3n exigentes. Ver Productos ENDEREZADO Enderezado autom\u00e1tico con alimentaci\u00f3n continua. Ver Productos JAULAS Y PILOTES Soluciones para pilotes, columnas y prefabricados. Ver Productos CORTE A MEDIDA M\u00e1xima precisi\u00f3n para cada medida. [&hellip;]<\/p>","protected":false},"author":2,"featured_media":0,"parent":0,"menu_order":0,"comment_status":"closed","ping_status":"closed","template":"","meta":{"footnotes":""},"class_list":["post-7677","page","type-page","status-publish","hentry"],"_links":{"self":[{"href":"https:\/\/www.tjkserecon.com\/it\/wp-json\/wp\/v2\/pages\/7677","targetHints":{"allow":["GET"]}}],"collection":[{"href":"https:\/\/www.tjkserecon.com\/it\/wp-json\/wp\/v2\/pages"}],"about":[{"href":"https:\/\/www.tjkserecon.com\/it\/wp-json\/wp\/v2\/types\/page"}],"author":[{"embeddable":true,"href":"https:\/\/www.tjkserecon.com\/it\/wp-json\/wp\/v2\/users\/2"}],"replies":[{"embeddable":true,"href":"https:\/\/www.tjkserecon.com\/it\/wp-json\/wp\/v2\/comments?post=7677"}],"version-history":[{"count":0,"href":"https:\/\/www.tjkserecon.com\/it\/wp-json\/wp\/v2\/pages\/7677\/revisions"}],"wp:attachment":[{"href":"https:\/\/www.tjkserecon.com\/it\/wp-json\/wp\/v2\/media?parent=7677"}],"curies":[{"name":"wp","href":"https:\/\/api.w.org\/{rel}","templated":true}]}}