{"id":7814,"date":"2025-07-08T09:18:39","date_gmt":"2025-07-08T09:18:39","guid":{"rendered":"https:\/\/www.tjkserecon.com\/?page_id=7814"},"modified":"2025-07-15T14:40:27","modified_gmt":"2025-07-15T14:40:27","slug":"corte-a-medida-tjk","status":"publish","type":"page","link":"https:\/\/www.tjkserecon.com\/it\/corte-a-medida-tjk\/","title":{"rendered":"Corte a medida TJK"},"content":{"rendered":"<div data-elementor-type=\"wp-page\" data-elementor-id=\"7814\" class=\"elementor elementor-7814\" data-elementor-post-type=\"page\">\n\t\t\t\t<div class=\"elementor-element elementor-element-c887666 e-flex e-con-boxed e-con e-parent\" data-id=\"c887666\" data-element_type=\"container\" data-settings=\"{&quot;background_background&quot;:&quot;classic&quot;}\">\n\t\t\t\t\t<div class=\"e-con-inner\">\n\t\t\t\t\t<\/div>\n\t\t\t\t<\/div>\n\t\t<div class=\"elementor-element elementor-element-c8acdf7 e-flex e-con-boxed e-con e-parent\" data-id=\"c8acdf7\" data-element_type=\"container\">\n\t\t\t\t\t<div class=\"e-con-inner\">\n\t\t\t\t<div class=\"elementor-element elementor-element-f17b1e2 elementor-widget elementor-widget-heading\" data-id=\"f17b1e2\" data-element_type=\"widget\" data-widget_type=\"heading.default\">\n\t\t\t\t\t<h2 class=\"elementor-heading-title elementor-size-default\">CORTE A MEDIDA<\/h2>\t\t\t\t<\/div>\n\t\t\t\t<div class=\"elementor-element elementor-element-88d3f59 elementor-widget elementor-widget-heading\" data-id=\"88d3f59\" data-element_type=\"widget\" data-widget_type=\"heading.default\">\n\t\t\t\t\t<h2 class=\"elementor-heading-title elementor-size-default\">Las l\u00edneas de corte de barras de refuerzo de TJK combinan potencia de corte y robustez estructural para trabajos a gran escala, ofreciendo confiabilidad ininterrumpida incluso en los entornos m\u00e1s exigentes. Su tecnolog\u00eda de vanguardia asegura eficiencia y resistencia excepcionales, mientras que el dise\u00f1o ergon\u00f3mico y seguro, respaldado por m\u00faltiples patentes de invenci\u00f3n, garantiza un rendimiento \u00f3ptimo bajo las demandas m\u00e1s intensas.<\/h2>\t\t\t\t<\/div>\n\t\t\t\t<div class=\"elementor-element elementor-element-fb5fab6 elementor-widget elementor-widget-apus_element_cardealer_listings_tabs\" data-id=\"fb5fab6\" data-element_type=\"widget\" data-settings=\"{&quot;columns&quot;:&quot;3&quot;}\" data-widget_type=\"apus_element_cardealer_listings_tabs.default\">\n\t\t\t\t<div class=\"elementor-widget-container\">\n\t\t\t\t\t        <div class=\"widget-listings-tabs grid\">\n            \n            <ul role=\"tablist\" class=\"nav nav-tabs tabs-listing\">\n                                    <li>\n                        <a href=\"#tab-YlYtG-0\" data-bs-toggle=\"tab\" class=\"active\">\n                                                    <\/a>\n                    <\/li>\n                            <\/ul>\n\n            <div class=\"tab-content\">\n                                    <div id=\"tab-YlYtG-0\" class=\"tab-pane active\">\n                                                                                                                    <div class=\"row\">\n                                                                            <div class=\"col-xl-4 col-md-6 col-12\">\n                                            \n\n<article class=\"map-item listing-grid v3 listing-item d-flex flex-column w-100 post-9197 listing type-listing status-publish has-post-thumbnail hentry listing_condition-nuevo listing_category-corte-a-medida listing_type-barra-ocasion\" data-latitude=\"\" data-longitude=\"\" data-img=\"https:\/\/tjkserecon.s3.eu-central-1.amazonaws.com\/wp-content\/uploads\/2025\/07\/26153701\/SHARE-LINE-150B-1-660x440.jpg\" data-images=\"[&quot;https:\\\/\\\/tjkserecon.s3.eu-central-1.amazonaws.com\\\/wp-content\\\/uploads\\\/2025\\\/07\\\/26153701\\\/SHARE-LINE-150B-1-660x440.jpg&quot;,&quot;https:\\\/\\\/tjkserecon.s3.eu-central-1.amazonaws.com\\\/wp-content\\\/uploads\\\/2025\\\/07\\\/26153701\\\/SHARE-LINE-150B-2-660x440.jpg&quot;,&quot;https:\\\/\\\/tjkserecon.s3.eu-central-1.amazonaws.com\\\/wp-content\\\/uploads\\\/2025\\\/07\\\/26153700\\\/SHARE-LINE-150B-3-660x440.jpg&quot;,&quot;https:\\\/\\\/tjkserecon.s3.eu-central-1.amazonaws.com\\\/wp-content\\\/uploads\\\/2025\\\/07\\\/26153700\\\/SHARE-LINE-150B-4-660x440.jpg&quot;,&quot;https:\\\/\\\/tjkserecon.s3.eu-central-1.amazonaws.com\\\/wp-content\\\/uploads\\\/2025\\\/07\\\/26153700\\\/SHARE-LINE-150B-5-660x440.jpg&quot;]\">\n\n    <div class=\"listing-thumbnail-wrapper position-relative flex-shrink-0\">\n        \t    <div class=\"image-thumbnail\">\r\n\t        <a class=\"listing-image\" href=\"https:\/\/www.tjkserecon.com\/it\/listing\/shear-line-150b\/\">\r\n\t        \t<div class=\"image-wrapper\"><img fetchpriority=\"high\" decoding=\"async\" width=\"660\" height=\"440\" src=\"https:\/\/tjkserecon.s3.eu-central-1.amazonaws.com\/wp-content\/uploads\/2025\/07\/26153701\/SHARE-LINE-150B-1-660x440.jpg\" class=\"attachment-boxcar-listing-grid size-boxcar-listing-grid\" alt=\"\" \/><\/div>\t        <\/a>\r\n\t    <\/div>\r\n\t            \n        <div class=\"top-label d-flex align-items-center w-100\">\n            <div class=\"inner\">\n                            <\/div>\n            <div class=\"ms-auto\">\n                            <\/div>\n        <\/div>\n    <\/div>\n    <div class=\"inner-content flex-grow-1 d-flex flex-column\">\n                <h2 class=\"listing-title\"><a href=\"https:\/\/www.tjkserecon.com\/it\/listing\/shear-line-150b\/\" rel=\"bookmark\">SHEAR LINE 150B<\/a><\/h2>        <div class=\"listing-meta with-icon tagline\">\r\n\r\n\t\t\t\t\r\n\t\t\t\r\n\t\t\t\r\n\t\t\t<span class=\"value-suffix\">\r\n\t\t\t\tIntegra una cizalla hidr\u00e1ulica de 150\u202ftoneladas con cuchilla de 600\u202fmm\t\t\t\t\t\t\t<\/span>\r\n\r\n\t\t<\/div>        <div class=\"mt-auto\">\n            \n            <div class=\"bottom-info d-flex align-items-end\">\n                                <a href=\"https:\/\/www.tjkserecon.com\/it\/listing\/shear-line-150b\/\" class=\"btn-readmore ms-auto\">View Details<svg xmlns=\"http:\/\/www.w3.org\/2000\/svg\" class=\"next\" width=\"14\" height=\"14\" viewbox=\"0 0 14 14\" fill=\"none\">\n                    <path d=\"M13.6109 0H5.05533C4.84037 0 4.66643 0.173943 4.66643 0.388901C4.66643 0.603859 4.84037 0.777802 5.05533 0.777802H12.6721L0.113697 13.3362C-0.0382246 13.4881 -0.0382246 13.7342 0.113697 13.8861C0.18964 13.962 0.289171 14 0.388666 14C0.488161 14 0.587656 13.962 0.663635 13.8861L13.222 1.3277V8.94447C13.222 9.15943 13.3959 9.33337 13.6109 9.33337C13.8259 9.33337 13.9998 9.15943 13.9998 8.94447V0.388901C13.9998 0.173943 13.8258 0 13.6109 0Z\" fill=\"currentColor\"\/>\n                    <\/svg><\/a>\n            <\/div>\n        <\/div>\n    <\/div>\n<\/article><!-- #post-## -->\n\n                                        <\/div>\n                                                                            <div class=\"col-xl-4 col-md-6 col-12\">\n                                            \n\n<article class=\"map-item listing-grid v3 listing-item d-flex flex-column w-100 post-9252 listing type-listing status-publish has-post-thumbnail hentry listing_condition-nuevo listing_category-corte-a-medida listing_type-barra-ocasion\" data-latitude=\"\" data-longitude=\"\" data-img=\"https:\/\/tjkserecon.s3.eu-central-1.amazonaws.com\/wp-content\/uploads\/2025\/07\/26153659\/SHARE-LINE-1240-1-660x440.jpg\" data-images=\"[&quot;https:\\\/\\\/tjkserecon.s3.eu-central-1.amazonaws.com\\\/wp-content\\\/uploads\\\/2025\\\/07\\\/26153659\\\/SHARE-LINE-1240-1-660x440.jpg&quot;,&quot;https:\\\/\\\/tjkserecon.s3.eu-central-1.amazonaws.com\\\/wp-content\\\/uploads\\\/2025\\\/07\\\/26153658\\\/SHARE-LINE-1240-2-660x440.jpg&quot;,&quot;https:\\\/\\\/tjkserecon.s3.eu-central-1.amazonaws.com\\\/wp-content\\\/uploads\\\/2025\\\/07\\\/26153658\\\/SHARE-LINE-1240-3-660x440.jpg&quot;,&quot;https:\\\/\\\/tjkserecon.s3.eu-central-1.amazonaws.com\\\/wp-content\\\/uploads\\\/2025\\\/07\\\/26153657\\\/SHARE-LINE-1240-4-660x440.jpg&quot;,&quot;https:\\\/\\\/tjkserecon.s3.eu-central-1.amazonaws.com\\\/wp-content\\\/uploads\\\/2025\\\/07\\\/26153657\\\/SHARE-LINE-1240-5-660x440.jpg&quot;]\">\n\n    <div class=\"listing-thumbnail-wrapper position-relative flex-shrink-0\">\n        \t    <div class=\"image-thumbnail\">\r\n\t        <a class=\"listing-image\" href=\"https:\/\/www.tjkserecon.com\/it\/listing\/shear-line-1240\/\">\r\n\t        \t<div class=\"image-wrapper\"><img decoding=\"async\" width=\"660\" height=\"440\" src=\"https:\/\/tjkserecon.s3.eu-central-1.amazonaws.com\/wp-content\/uploads\/2025\/07\/26153659\/SHARE-LINE-1240-1-660x440.jpg\" class=\"attachment-boxcar-listing-grid size-boxcar-listing-grid\" alt=\"\" \/><\/div>\t        <\/a>\r\n\t    <\/div>\r\n\t            \n        <div class=\"top-label d-flex align-items-center w-100\">\n            <div class=\"inner\">\n                            <\/div>\n            <div class=\"ms-auto\">\n                            <\/div>\n        <\/div>\n    <\/div>\n    <div class=\"inner-content flex-grow-1 d-flex flex-column\">\n                <h2 class=\"listing-title\"><a href=\"https:\/\/www.tjkserecon.com\/it\/listing\/shear-line-1240\/\" rel=\"bookmark\">SHEAR LINE 1240<\/a><\/h2>        <div class=\"listing-meta with-icon tagline\">\r\n\r\n\t\t\t\t\r\n\t\t\t\r\n\t\t\t\r\n\t\t\t<span class=\"value-suffix\">\r\n\t\t\t\tIntegra una cizalla hidr\u00e1ulica de 150\u202ftoneladas con cuchilla de 600\u202fmm\t\t\t\t\t\t\t<\/span>\r\n\r\n\t\t<\/div>        <div class=\"mt-auto\">\n            \n            <div class=\"bottom-info d-flex align-items-end\">\n                                <a href=\"https:\/\/www.tjkserecon.com\/it\/listing\/shear-line-1240\/\" class=\"btn-readmore ms-auto\">View Details<svg xmlns=\"http:\/\/www.w3.org\/2000\/svg\" class=\"next\" width=\"14\" height=\"14\" viewbox=\"0 0 14 14\" fill=\"none\">\n                    <path d=\"M13.6109 0H5.05533C4.84037 0 4.66643 0.173943 4.66643 0.388901C4.66643 0.603859 4.84037 0.777802 5.05533 0.777802H12.6721L0.113697 13.3362C-0.0382246 13.4881 -0.0382246 13.7342 0.113697 13.8861C0.18964 13.962 0.289171 14 0.388666 14C0.488161 14 0.587656 13.962 0.663635 13.8861L13.222 1.3277V8.94447C13.222 9.15943 13.3959 9.33337 13.6109 9.33337C13.8259 9.33337 13.9998 9.15943 13.9998 8.94447V0.388901C13.9998 0.173943 13.8258 0 13.6109 0Z\" fill=\"currentColor\"\/>\n                    <\/svg><\/a>\n            <\/div>\n        <\/div>\n    <\/div>\n<\/article><!-- #post-## -->\n\n                                        <\/div>\n                                                                    <\/div>\n                                                                                                    <\/div>\n                            <\/div>\n        <\/div>\n        \t\t\t\t<\/div>\n\t\t\t\t<\/div>\n\t\t\t\t\t<\/div>\n\t\t\t\t<\/div>\n\t\t\t\t<\/div>","protected":false},"excerpt":{"rendered":"<p>CORTE A MEDIDA Las l\u00edneas de corte de barras de refuerzo de TJK combinan potencia de corte y robustez estructural para trabajos a gran escala, ofreciendo confiabilidad ininterrumpida incluso en los entornos m\u00e1s exigentes. Su tecnolog\u00eda de vanguardia asegura eficiencia y resistencia excepcionales, mientras que el dise\u00f1o ergon\u00f3mico y seguro, respaldado por m\u00faltiples patentes de [&hellip;]<\/p>","protected":false},"author":2,"featured_media":0,"parent":0,"menu_order":0,"comment_status":"closed","ping_status":"closed","template":"page-listings.php","meta":{"footnotes":""},"class_list":["post-7814","page","type-page","status-publish","hentry"],"_links":{"self":[{"href":"https:\/\/www.tjkserecon.com\/it\/wp-json\/wp\/v2\/pages\/7814","targetHints":{"allow":["GET"]}}],"collection":[{"href":"https:\/\/www.tjkserecon.com\/it\/wp-json\/wp\/v2\/pages"}],"about":[{"href":"https:\/\/www.tjkserecon.com\/it\/wp-json\/wp\/v2\/types\/page"}],"author":[{"embeddable":true,"href":"https:\/\/www.tjkserecon.com\/it\/wp-json\/wp\/v2\/users\/2"}],"replies":[{"embeddable":true,"href":"https:\/\/www.tjkserecon.com\/it\/wp-json\/wp\/v2\/comments?post=7814"}],"version-history":[{"count":0,"href":"https:\/\/www.tjkserecon.com\/it\/wp-json\/wp\/v2\/pages\/7814\/revisions"}],"wp:attachment":[{"href":"https:\/\/www.tjkserecon.com\/it\/wp-json\/wp\/v2\/media?parent=7814"}],"curies":[{"name":"wp","href":"https:\/\/api.w.org\/{rel}","templated":true}]}}